{"id":72,"date":"2023-08-13T08:55:52","date_gmt":"2023-08-13T06:55:52","guid":{"rendered":"https:\/\/notaria19chih.com\/?page_id=72"},"modified":"2025-06-17T20:37:44","modified_gmt":"2025-06-17T18:37:44","slug":"contacto","status":"publish","type":"page","link":"https:\/\/notaria19chih.com\/index.php\/contacto\/","title":{"rendered":"Contacto"},"content":{"rendered":"<div class=\"wp-block-site-logo\"><a href=\"https:\/\/notaria19chih.com\/\" class=\"custom-logo-link\" rel=\"home\"><img width=\"545\" height=\"147\" src=\"https:\/\/notaria19chih.com\/wp-content\/uploads\/2023\/08\/logotipo.png\" class=\"custom-logo\" alt=\"Notar\u00eda  P\u00fablica n\u00famero 19\" decoding=\"async\" fetchpriority=\"high\" srcset=\"https:\/\/notaria19chih.com\/wp-content\/uploads\/2023\/08\/logotipo.png 722w, https:\/\/notaria19chih.com\/wp-content\/uploads\/2023\/08\/logotipo-300x81.png 300w, https:\/\/notaria19chih.com\/wp-content\/uploads\/2023\/08\/logotipo-230x62.png 230w, https:\/\/notaria19chih.com\/wp-content\/uploads\/2023\/08\/logotipo-350x95.png 350w, https:\/\/notaria19chih.com\/wp-content\/uploads\/2023\/08\/logotipo-480x130.png 480w\" sizes=\"(max-width: 545px) 100vw, 545px\" \/><\/a><\/div>\n\n<h1 class=\"wp-block-site-title\"><a href=\"https:\/\/notaria19chih.com\" target=\"_self\" rel=\"home\">Notar\u00eda  P\u00fablica n\u00famero 19<\/a><\/h1>\n\n\n<p class=\"has-medium-font-size\">Comun\u00edcate con nosotros y nos pondremos en contacto contigo tan pronto como nos sea posible.<br>&nbsp;\u00a1Esperamos tener noticias tuyas!<\/p>\n\n\n\n<ul>\n<li class=\"has-medium-font-size\"><strong>Tel\u00e9fono<\/strong><\/li>\n<\/ul>\n\n\n\n<p class=\"has-medium-font-size\">Conmutador: 614-411-24-92<\/p>\n\n\n\n<p class=\"has-medium-font-size\">614-414-5120<\/p>\n\n\n\n<p class=\"has-medium-font-size\">WhatsApp   614-221-3599<\/p>\n\n\n\n<figure class=\"wp-block-image size-full is-resized\"><a href=\"https:\/\/wa.link\/8bjd8a\"><img decoding=\"async\" loading=\"lazy\" src=\"https:\/\/notaria19chih.com\/wp-content\/uploads\/2023\/08\/WA.png\" alt=\"\" class=\"wp-image-144\" style=\"width:58px;height:57px\" width=\"58\" height=\"57\"\/><\/a><\/figure>\n\n\n\n<ul>\n<li class=\"has-medium-font-size\"><strong>Direcci\u00f3n<\/strong><\/li>\n<\/ul>\n\n\n\n<p class=\"has-medium-font-size\"><a href=\"https:\/\/www.google.com\/maps\/place\/Notaria+P%C3%BAblica+19+Chihuahua\/@28.6200539,-106.0857947,17z\/data=!4m14!1m7!3m6!1s0x86ea4341865a0fcd:0x56b125158fb58ac!2sNotaria+P%C3%BAblica+19+Chihuahua!8m2!3d28.6200539!4d-106.0857947!16s%2Fg%2F11g6mf2g_x!3m5!1s0x86ea4341865a0fcd:0x56b125158fb58ac!8m2!3d28.6200539!4d-106.0857947!16s%2Fg%2F11g6mf2g_x?hl=es&amp;entry=ttu&amp;g_ep=EgoyMDI1MDYxMS4wIKXMDSoASAFQAw%3D%3D\" data-type=\"link\" data-id=\"https:\/\/goo.gl\/maps\/z7FbqzALap7M1twj8\">C. 28a n\u00fam. 607, Col. Linss, c.p. 31020 Chihuahua, Chih.<\/a><\/p>\n\n\n\n<p>Calle 28 N\u00fam. 607 Colonia Linss<br> (A media cuadra de la Ave. Zarco)<\/p>\n\n\n\n<figure class=\"wp-block-image size-full\"><a href=\"https:\/\/g.co\/kgs\/RE5QPS9\"><img decoding=\"async\" loading=\"lazy\" width=\"589\" height=\"305\" src=\"https:\/\/notaria19chih.com\/wp-content\/uploads\/2025\/06\/maps.png\" alt=\"\" class=\"wp-image-182\" srcset=\"https:\/\/notaria19chih.com\/wp-content\/uploads\/2025\/06\/maps.png 589w, https:\/\/notaria19chih.com\/wp-content\/uploads\/2025\/06\/maps-300x155.png 300w, https:\/\/notaria19chih.com\/wp-content\/uploads\/2025\/06\/maps-230x119.png 230w, https:\/\/notaria19chih.com\/wp-content\/uploads\/2025\/06\/maps-350x181.png 350w, https:\/\/notaria19chih.com\/wp-content\/uploads\/2025\/06\/maps-480x249.png 480w\" sizes=\"(max-width: 589px) 100vw, 589px\" \/><\/a><\/figure>\n","protected":false},"excerpt":{"rendered":"<p>Comun\u00edcate con nosotros y nos pondremos en contacto contigo tan pronto como nos sea posible.&nbsp;\u00a1Esperamos tener noticias tuyas! Conmutador: 614-411-24-92 614-414-5120 WhatsApp [&hellip;]<\/p>\n","protected":false},"author":1,"featured_media":0,"parent":0,"menu_order":0,"comment_status":"closed","ping_status":"closed","template":"","meta":{"footnotes":""},"_links":{"self":[{"href":"https:\/\/notaria19chih.com\/index.php\/wp-json\/wp\/v2\/pages\/72"}],"collection":[{"href":"https:\/\/notaria19chih.com\/index.php\/wp-json\/wp\/v2\/pages"}],"about":[{"href":"https:\/\/notaria19chih.com\/index.php\/wp-json\/wp\/v2\/types\/page"}],"author":[{"embeddable":true,"href":"https:\/\/notaria19chih.com\/index.php\/wp-json\/wp\/v2\/users\/1"}],"replies":[{"embeddable":true,"href":"https:\/\/notaria19chih.com\/index.php\/wp-json\/wp\/v2\/comments?post=72"}],"version-history":[{"count":35,"href":"https:\/\/notaria19chih.com\/index.php\/wp-json\/wp\/v2\/pages\/72\/revisions"}],"predecessor-version":[{"id":184,"href":"https:\/\/notaria19chih.com\/index.php\/wp-json\/wp\/v2\/pages\/72\/revisions\/184"}],"wp:attachment":[{"href":"https:\/\/notaria19chih.com\/index.php\/wp-json\/wp\/v2\/media?parent=72"}],"curies":[{"name":"wp","href":"https:\/\/api.w.org\/{rel}","templated":true}]}}