{"id":39,"date":"2023-08-13T07:28:40","date_gmt":"2023-08-13T05:28:40","guid":{"rendered":"https:\/\/notaria19chih.com\/?page_id=39"},"modified":"2023-08-14T19:02:45","modified_gmt":"2023-08-14T17:02:45","slug":"servicios","status":"publish","type":"page","link":"https:\/\/notaria19chih.com\/index.php\/servicios\/","title":{"rendered":"Servicios"},"content":{"rendered":"\n<figure class=\"wp-block-gallery has-nested-images columns-2 is-cropped wp-block-gallery-1 is-layout-flex wp-block-gallery-is-layout-flex\">\n<figure class=\"wp-block-image size-full\"><img decoding=\"async\" loading=\"lazy\" width=\"288\" height=\"217\" data-id=\"49\" src=\"https:\/\/notaria19chih.com\/wp-content\/uploads\/2023\/08\/servicio1-1.jpg\" alt=\"\" class=\"wp-image-49\" srcset=\"https:\/\/notaria19chih.com\/wp-content\/uploads\/2023\/08\/servicio1-1.jpg 288w, https:\/\/notaria19chih.com\/wp-content\/uploads\/2023\/08\/servicio1-1-230x173.jpg 230w\" sizes=\"(max-width: 288px) 100vw, 288px\" \/><\/figure>\n\n\n\n<figure class=\"wp-block-image size-full\"><img decoding=\"async\" loading=\"lazy\" width=\"288\" height=\"217\" data-id=\"11\" src=\"https:\/\/notaria19chih.com\/wp-content\/uploads\/2023\/08\/servicio3.jpg\" alt=\"\" class=\"wp-image-11\" srcset=\"https:\/\/notaria19chih.com\/wp-content\/uploads\/2023\/08\/servicio3.jpg 288w, https:\/\/notaria19chih.com\/wp-content\/uploads\/2023\/08\/servicio3-230x173.jpg 230w\" sizes=\"(max-width: 288px) 100vw, 288px\" \/><\/figure>\n<\/figure>\n\n\n\n<h2 class=\"wp-block-heading\">Sociedad y asociaciones<\/h2>\n\n\n\n<p class=\"has-medium-font-size\">Constituci\u00f3n, modificaciones, fusiones y escisiones de sociedades mercantiles, sociedades civiles y asociaciones civiles.<\/p>\n\n\n\n<h2 class=\"wp-block-heading\">Bienes e inmuebles<\/h2>\n\n\n\n<p class=\"has-medium-font-size\">Constituci\u00f3n de hipotecas y reconocimiento de adeudos con garant\u00eda inmobiliaria.<br>Transmisi\u00f3n de bienes e inmuebles:<br>a) Compraventa lisa y llana<br>b) Con reserva de dominio<br>c) Por donaci\u00f3n<\/p>\n\n\n\n<figure class=\"wp-block-gallery has-nested-images columns-default is-cropped wp-block-gallery-3 is-layout-flex wp-block-gallery-is-layout-flex\">\n<figure class=\"wp-block-image size-large\"><img decoding=\"async\" loading=\"lazy\" width=\"1024\" height=\"684\" data-id=\"52\" src=\"https:\/\/notaria19chih.com\/wp-content\/uploads\/2023\/08\/Notaria-006-1-1024x684.jpg\" alt=\"\" class=\"wp-image-52\"\/><\/figure>\n\n\n\n<figure class=\"wp-block-image size-large\"><img decoding=\"async\" loading=\"lazy\" width=\"1024\" height=\"684\" data-id=\"58\" src=\"https:\/\/notaria19chih.com\/wp-content\/uploads\/2023\/08\/Notaria-021-1024x684.jpg\" alt=\"\" class=\"wp-image-58\" srcset=\"https:\/\/notaria19chih.com\/wp-content\/uploads\/2023\/08\/Notaria-021-1024x684.jpg 1024w, https:\/\/notaria19chih.com\/wp-content\/uploads\/2023\/08\/Notaria-021-300x200.jpg 300w, https:\/\/notaria19chih.com\/wp-content\/uploads\/2023\/08\/Notaria-021-768x513.jpg 768w, https:\/\/notaria19chih.com\/wp-content\/uploads\/2023\/08\/Notaria-021-1536x1025.jpg 1536w, https:\/\/notaria19chih.com\/wp-content\/uploads\/2023\/08\/Notaria-021-2048x1367.jpg 2048w, https:\/\/notaria19chih.com\/wp-content\/uploads\/2023\/08\/Notaria-021-1000x668.jpg 1000w, https:\/\/notaria19chih.com\/wp-content\/uploads\/2023\/08\/Notaria-021-230x154.jpg 230w, https:\/\/notaria19chih.com\/wp-content\/uploads\/2023\/08\/Notaria-021-350x234.jpg 350w, https:\/\/notaria19chih.com\/wp-content\/uploads\/2023\/08\/Notaria-021-480x320.jpg 480w\" sizes=\"(max-width: 1024px) 100vw, 1024px\" \/><\/figure>\n<\/figure>\n\n\n\n<h2 class=\"wp-block-heading\">Actas<\/h2>\n\n\n\n<p>Levantamiento de actas de Fe de Hechos ya sean dentro de la misma notar\u00eda o en cualquier lugar dentro del Distrito Judicial Morelos.<br>Intervenci\u00f3n notarial que se requiera para cualquier tr\u00e1mite agrario.<\/p>\n\n\n\n<h2 class=\"wp-block-heading\">Permisos, poderes y\/o mandatos<\/h2>\n\n\n\n<ul class=\"has-medium-font-size\">\n<li>Otorgamiento de permisos de autorizaci\u00f3n para diversos actos jur\u00eddicos en que intervienen menores de edad.<\/li>\n\n\n\n<li>Otorgamiento de Poderes o Mandatos en sus diferentes modalidades.<\/li>\n<\/ul>\n\n\n\n<h2 class=\"wp-block-heading\">Elaboraci\u00f3n de testamentos<\/h2>\n\n\n\n<p class=\"has-medium-font-size\">Tramitaciones judiciales o extrajudiciales de sucesiones testamentarias e intestamentarias.<\/p>\n\n\n\n<figure class=\"wp-block-image size-large\"><img decoding=\"async\" loading=\"lazy\" width=\"1024\" height=\"683\" src=\"https:\/\/notaria19chih.com\/wp-content\/uploads\/2023\/08\/testamentos-2-1024x683.jpg\" alt=\"\" class=\"wp-image-54\" srcset=\"https:\/\/notaria19chih.com\/wp-content\/uploads\/2023\/08\/testamentos-2-1024x683.jpg 1024w, https:\/\/notaria19chih.com\/wp-content\/uploads\/2023\/08\/testamentos-2-300x200.jpg 300w, https:\/\/notaria19chih.com\/wp-content\/uploads\/2023\/08\/testamentos-2-768x512.jpg 768w, https:\/\/notaria19chih.com\/wp-content\/uploads\/2023\/08\/testamentos-2-1536x1024.jpg 1536w, https:\/\/notaria19chih.com\/wp-content\/uploads\/2023\/08\/testamentos-2-2048x1365.jpg 2048w, https:\/\/notaria19chih.com\/wp-content\/uploads\/2023\/08\/testamentos-2-1000x667.jpg 1000w, https:\/\/notaria19chih.com\/wp-content\/uploads\/2023\/08\/testamentos-2-230x153.jpg 230w, https:\/\/notaria19chih.com\/wp-content\/uploads\/2023\/08\/testamentos-2-350x233.jpg 350w, https:\/\/notaria19chih.com\/wp-content\/uploads\/2023\/08\/testamentos-2-480x320.jpg 480w\" sizes=\"(max-width: 1024px) 100vw, 1024px\" \/><\/figure>\n","protected":false},"excerpt":{"rendered":"<p>Sociedad y asociaciones Constituci\u00f3n, modificaciones, fusiones y escisiones de sociedades mercantiles, sociedades civiles y asociaciones civiles. Bienes e inmuebles Constituci\u00f3n de hipotecas [&hellip;]<\/p>\n","protected":false},"author":1,"featured_media":0,"parent":0,"menu_order":0,"comment_status":"closed","ping_status":"closed","template":"","meta":{"footnotes":""},"_links":{"self":[{"href":"https:\/\/notaria19chih.com\/index.php\/wp-json\/wp\/v2\/pages\/39"}],"collection":[{"href":"https:\/\/notaria19chih.com\/index.php\/wp-json\/wp\/v2\/pages"}],"about":[{"href":"https:\/\/notaria19chih.com\/index.php\/wp-json\/wp\/v2\/types\/page"}],"author":[{"embeddable":true,"href":"https:\/\/notaria19chih.com\/index.php\/wp-json\/wp\/v2\/users\/1"}],"replies":[{"embeddable":true,"href":"https:\/\/notaria19chih.com\/index.php\/wp-json\/wp\/v2\/comments?post=39"}],"version-history":[{"count":9,"href":"https:\/\/notaria19chih.com\/index.php\/wp-json\/wp\/v2\/pages\/39\/revisions"}],"predecessor-version":[{"id":75,"href":"https:\/\/notaria19chih.com\/index.php\/wp-json\/wp\/v2\/pages\/39\/revisions\/75"}],"wp:attachment":[{"href":"https:\/\/notaria19chih.com\/index.php\/wp-json\/wp\/v2\/media?parent=39"}],"curies":[{"name":"wp","href":"https:\/\/api.w.org\/{rel}","templated":true}]}}